{"id":78,"date":"2022-01-06T15:06:27","date_gmt":"2022-01-06T14:06:27","guid":{"rendered":"http:\/\/zidoxyu.cluster031.hosting.ovh.net\/?page_id=78"},"modified":"2022-03-19T17:07:53","modified_gmt":"2022-03-19T16:07:53","slug":"service","status":"publish","type":"page","link":"https:\/\/kfz-schork.de\/index.php\/service\/","title":{"rendered":"Service"},"content":{"rendered":"\n<div class=\"is-layout-flex wp-container-2 wp-block-columns\">\n<div class=\"is-layout-flow wp-block-column\" style=\"flex-basis:100%\">\n<p style=\"font-size:30px\"><strong>Reifen<\/strong><\/p>\n<\/div>\n<\/div>\n\n\n\n<div class=\"is-layout-flex wp-container-5 wp-block-columns\">\n<div class=\"is-layout-flow wp-block-column\">\n<figure class=\"wp-block-image size-full\"><img decoding=\"async\" loading=\"lazy\" width=\"2560\" height=\"1707\" src=\"https:\/\/kfz-schork.de\/wp-content\/uploads\/2022\/03\/reifen2-scaled.jpg\" alt=\"Service\" class=\"wp-image-142\" srcset=\"https:\/\/kfz-schork.de\/wp-content\/uploads\/2022\/03\/reifen2-scaled.jpg 2560w, https:\/\/kfz-schork.de\/wp-content\/uploads\/2022\/03\/reifen2-300x200.jpg 300w, https:\/\/kfz-schork.de\/wp-content\/uploads\/2022\/03\/reifen2-1024x683.jpg 1024w, https:\/\/kfz-schork.de\/wp-content\/uploads\/2022\/03\/reifen2-768x512.jpg 768w, https:\/\/kfz-schork.de\/wp-content\/uploads\/2022\/03\/reifen2-1536x1024.jpg 1536w, https:\/\/kfz-schork.de\/wp-content\/uploads\/2022\/03\/reifen2-2048x1365.jpg 2048w\" sizes=\"(max-width: 2560px) 100vw, 2560px\" \/><\/figure>\n<\/div>\n\n\n\n<div class=\"is-layout-flow wp-block-column\">\n<ul><li><strong>PKW-Reifen<\/strong><ul><li>Sommerreifen<\/li><li>Winterreifen <\/li><li>Ganzjahresreifen <\/li><\/ul><\/li><li><strong>Spezialreifen<\/strong> <ul><li>Motorradreifen <\/li><li>Transporterreifen <\/li><li>SUV-Reifen <\/li><li>Runflat-Reifen <\/li><li>AS-Reifen <\/li><\/ul><\/li><\/ul>\n<\/div>\n<\/div>\n\n\n\n<p style=\"font-size:30px\"><strong>Felgen<\/strong><\/p>\n\n\n\n<div class=\"is-layout-flex wp-container-8 wp-block-columns\">\n<div class=\"is-layout-flow wp-block-column\">\n<figure class=\"wp-block-image size-large\"><img decoding=\"async\" loading=\"lazy\" width=\"1024\" height=\"683\" src=\"https:\/\/kfz-schork.de\/wp-content\/uploads\/2022\/03\/Felge-1024x683.jpg\" alt=\"Service\" class=\"wp-image-150\" srcset=\"https:\/\/kfz-schork.de\/wp-content\/uploads\/2022\/03\/Felge-1024x683.jpg 1024w, https:\/\/kfz-schork.de\/wp-content\/uploads\/2022\/03\/Felge-300x200.jpg 300w, https:\/\/kfz-schork.de\/wp-content\/uploads\/2022\/03\/Felge-768x512.jpg 768w, https:\/\/kfz-schork.de\/wp-content\/uploads\/2022\/03\/Felge-1536x1024.jpg 1536w, https:\/\/kfz-schork.de\/wp-content\/uploads\/2022\/03\/Felge-2048x1365.jpg 2048w\" sizes=\"(max-width: 1024px) 100vw, 1024px\" \/><\/figure>\n<\/div>\n\n\n\n<div class=\"is-layout-flow wp-block-column\">\n<ul><li><strong>PKW-Felge<\/strong><ul><li>Leichtmetallfelgen<\/li><li>Stahlfelgen<\/li><\/ul><\/li><li><strong>Sonstige Dienstleistungen <\/strong><ul><li>Felgenreparatur<\/li><li>Felgenreinigung<\/li><\/ul><\/li><\/ul>\n<\/div>\n<\/div>\n\n\n\n<p style=\"font-size:30px\"><strong>Komplettr\u00e4der<\/strong><\/p>\n\n\n\n<div class=\"is-layout-flex wp-container-13 wp-block-columns\">\n<div class=\"is-layout-flow wp-block-column\">\n<figure class=\"is-layout-flex wp-block-gallery-9 wp-block-gallery has-nested-images columns-default is-cropped\">\n<figure class=\"wp-block-image size-large\"><img decoding=\"async\" loading=\"lazy\" width=\"768\" height=\"1024\" src=\"https:\/\/kfz-schork.de\/wp-content\/uploads\/2022\/03\/thumbnail_IMG_4082-768x1024.jpg\" alt=\"Service\" class=\"wp-image-159\" srcset=\"https:\/\/kfz-schork.de\/wp-content\/uploads\/2022\/03\/thumbnail_IMG_4082-768x1024.jpg 768w, https:\/\/kfz-schork.de\/wp-content\/uploads\/2022\/03\/thumbnail_IMG_4082-225x300.jpg 225w, https:\/\/kfz-schork.de\/wp-content\/uploads\/2022\/03\/thumbnail_IMG_4082.jpg 960w\" sizes=\"(max-width: 768px) 100vw, 768px\" \/><\/figure>\n<\/figure>\n<\/div>\n\n\n\n<div class=\"is-layout-flow wp-block-column\">\n<ul><li><strong>PKW-Komplettr\u00e4der<\/strong><ul><li>Sommerkomplettr\u00e4der<\/li><li>Winterkomplettr\u00e4der<\/li><li>Ganzjahreskomplettr\u00e4der<\/li><\/ul><\/li><li><strong>Montageservice<\/strong><ul><li>Reifenmontage<\/li><li>Reifenmontage mit RDKS<\/li><li>Reifenmontage f\u00fcr Runflat-Reifen<\/li><li>Reifenmontage f\u00fcr Runflat-Reifen mit RDKS<\/li><\/ul><\/li><\/ul>\n<\/div>\n<\/div>\n\n\n\n<p style=\"font-size:30px\"><strong>Autoservice<\/strong><\/p>\n\n\n\n<div class=\"is-layout-flex wp-container-16 wp-block-columns\">\n<div class=\"is-layout-flow wp-block-column\">\n<figure class=\"wp-block-image size-large\"><img decoding=\"async\" loading=\"lazy\" width=\"1024\" height=\"683\" src=\"https:\/\/kfz-schork.de\/wp-content\/uploads\/2022\/03\/IMG_8254-1024x683.jpg\" alt=\"Service\" class=\"wp-image-160\" srcset=\"https:\/\/kfz-schork.de\/wp-content\/uploads\/2022\/03\/IMG_8254-1024x683.jpg 1024w, https:\/\/kfz-schork.de\/wp-content\/uploads\/2022\/03\/IMG_8254-300x200.jpg 300w, https:\/\/kfz-schork.de\/wp-content\/uploads\/2022\/03\/IMG_8254-768x512.jpg 768w, https:\/\/kfz-schork.de\/wp-content\/uploads\/2022\/03\/IMG_8254-1536x1024.jpg 1536w, https:\/\/kfz-schork.de\/wp-content\/uploads\/2022\/03\/IMG_8254-2048x1365.jpg 2048w\" sizes=\"(max-width: 1024px) 100vw, 1024px\" \/><\/figure>\n<\/div>\n\n\n\n<div class=\"is-layout-flow wp-block-column\">\n<ul><li><strong>Autoservice<\/strong><ul><li>Achsvermessung<\/li><li>\u00d6l-Wechsel<\/li><li>Klimaanlagenservice<\/li><li>Haupt- und Abgasuntersuchung<\/li><li>Inspektion<\/li><li>Scheibenservice<\/li><li>Bremsanlagenservice<\/li><li>Auspuffanlage<\/li><li>Lenkung<\/li><li>Fahrwerk<\/li><\/ul><\/li><\/ul>\n<\/div>\n<\/div>\n\n\n\n<div class=\"is-layout-flex wp-container-21 wp-block-columns\">\n<div class=\"is-layout-flow wp-block-column\">\n<figure class=\"is-layout-flex wp-block-gallery-17 wp-block-gallery has-nested-images columns-default is-cropped\">\n<figure class=\"wp-block-image size-large\"><img decoding=\"async\" loading=\"lazy\" width=\"683\" height=\"1024\" src=\"https:\/\/kfz-schork.de\/wp-content\/uploads\/2022\/03\/IMG_8259-683x1024.jpg\" alt=\"Service\" class=\"wp-image-164\" srcset=\"https:\/\/kfz-schork.de\/wp-content\/uploads\/2022\/03\/IMG_8259-683x1024.jpg 683w, https:\/\/kfz-schork.de\/wp-content\/uploads\/2022\/03\/IMG_8259-200x300.jpg 200w, https:\/\/kfz-schork.de\/wp-content\/uploads\/2022\/03\/IMG_8259-768x1152.jpg 768w, https:\/\/kfz-schork.de\/wp-content\/uploads\/2022\/03\/IMG_8259-1024x1536.jpg 1024w, https:\/\/kfz-schork.de\/wp-content\/uploads\/2022\/03\/IMG_8259-1365x2048.jpg 1365w, https:\/\/kfz-schork.de\/wp-content\/uploads\/2022\/03\/IMG_8259-scaled.jpg 1707w\" sizes=\"(max-width: 683px) 100vw, 683px\" \/><\/figure>\n<\/figure>\n<\/div>\n\n\n\n<div class=\"is-layout-flow wp-block-column\">\n<ul><li><strong>Reifenservice<\/strong><ul><li>Saisonaler Radwechsel<\/li><li>Radwechsel und Reifenmontage<\/li><li>Reifeneinlagerung<\/li><li>Reifenauswuchten<\/li><li>Reifenreparatur<\/li><li>Reifenentsorgung<\/li><\/ul><\/li><li><strong>Sonstiges<\/strong><ul><li>Eintragung von Umbauten<\/li><li>Eintragung von Reifen\/Felgen <\/li><li>Folierung\/Werbebeschriftung<\/li><\/ul><\/li><\/ul>\n<\/div>\n<\/div>\n\n\n\n<p style=\"font-size:30px\"><strong>Baumaschinenvermietung<\/strong><\/p>\n\n\n\n<div class=\"is-layout-flex wp-container-24 wp-block-columns\">\n<div class=\"is-layout-flow wp-block-column\">\n<figure class=\"wp-block-image size-large\"><img decoding=\"async\" loading=\"lazy\" width=\"768\" height=\"1024\" src=\"https:\/\/kfz-schork.de\/wp-content\/uploads\/2022\/03\/thumbnail_IMG_4095-768x1024.jpg\" alt=\"Service\" class=\"wp-image-165\" srcset=\"https:\/\/kfz-schork.de\/wp-content\/uploads\/2022\/03\/thumbnail_IMG_4095-768x1024.jpg 768w, https:\/\/kfz-schork.de\/wp-content\/uploads\/2022\/03\/thumbnail_IMG_4095-225x300.jpg 225w, https:\/\/kfz-schork.de\/wp-content\/uploads\/2022\/03\/thumbnail_IMG_4095.jpg 960w\" sizes=\"(max-width: 768px) 100vw, 768px\" \/><\/figure>\n<\/div>\n\n\n\n<div class=\"is-layout-flow wp-block-column\">\n<ul><li><strong>3,5t Bagger<\/strong><\/li><\/ul>\n<\/div>\n<\/div>\n\n\n\n<div class=\"is-layout-flex wp-container-29 wp-block-columns\">\n<div class=\"is-layout-flow wp-block-column\">\n<figure class=\"is-layout-flex wp-block-gallery-25 wp-block-gallery has-nested-images columns-default is-cropped\">\n<figure class=\"wp-block-image size-large\"><img decoding=\"async\" loading=\"lazy\" width=\"683\" height=\"1024\" src=\"https:\/\/kfz-schork.de\/wp-content\/uploads\/2022\/03\/IMG_8292-683x1024.jpg\" alt=\"Service\" class=\"wp-image-166\" srcset=\"https:\/\/kfz-schork.de\/wp-content\/uploads\/2022\/03\/IMG_8292-683x1024.jpg 683w, https:\/\/kfz-schork.de\/wp-content\/uploads\/2022\/03\/IMG_8292-200x300.jpg 200w, https:\/\/kfz-schork.de\/wp-content\/uploads\/2022\/03\/IMG_8292-768x1152.jpg 768w, https:\/\/kfz-schork.de\/wp-content\/uploads\/2022\/03\/IMG_8292-1024x1536.jpg 1024w, https:\/\/kfz-schork.de\/wp-content\/uploads\/2022\/03\/IMG_8292-1365x2048.jpg 1365w, https:\/\/kfz-schork.de\/wp-content\/uploads\/2022\/03\/IMG_8292-scaled.jpg 1707w\" sizes=\"(max-width: 683px) 100vw, 683px\" \/><\/figure>\n<\/figure>\n<\/div>\n\n\n\n<div class=\"is-layout-flow wp-block-column\">\n<ul><li><strong>Radlader<\/strong><\/li><\/ul>\n<\/div>\n<\/div>\n","protected":false},"excerpt":{"rendered":"<p>Reifen PKW-Reifen Sommerreifen Winterreifen Ganzjahresreifen Spezialreifen Motorradreifen Transporterreifen SUV-Reifen Runflat-Reifen AS-Reifen Felgen PKW-Felge Leichtmetallfelgen Stahlfelgen Sonstige Dienstleistungen Felgenreparatur Felgenreinigung Komplettr\u00e4der PKW-Komplettr\u00e4der Sommerkomplettr\u00e4der Winterkomplettr\u00e4der Ganzjahreskomplettr\u00e4der Montageservice Reifenmontage Reifenmontage mit RDKS Reifenmontage f\u00fcr Runflat-Reifen Reifenmontage f\u00fcr Runflat-Reifen mit RDKS Autoservice Autoservice Achsvermessung \u00d6l-Wechsel Klimaanlagenservice Haupt- und Abgasuntersuchung Inspektion Scheibenservice Bremsanlagenservice Auspuffanlage Lenkung Fahrwerk Reifenservice Saisonaler Radwechsel Radwechsel [&hellip;]<\/p>\n","protected":false},"author":1,"featured_media":0,"parent":0,"menu_order":0,"comment_status":"closed","ping_status":"closed","template":"","meta":{"advgb_blocks_editor_width":"","advgb_blocks_columns_visual_guide":""},"coauthors":[],"author_meta":{"author_link":"https:\/\/kfz-schork.de\/index.php\/author\/admin8107\/","display_name":"admin8107"},"relative_dates":{"created":"Posted 4\u00a0Jahren ago","modified":"Updated 4\u00a0Jahren ago"},"absolute_dates":{"created":"Posted on 6. Januar 2022","modified":"Updated on 19. M\u00e4rz 2022"},"absolute_dates_time":{"created":"Posted on 6. Januar 2022 15:06","modified":"Updated on 19. M\u00e4rz 2022 17:07"},"featured_img_caption":"","featured_img":false,"series_order":"","_links":{"self":[{"href":"https:\/\/kfz-schork.de\/index.php\/wp-json\/wp\/v2\/pages\/78"}],"collection":[{"href":"https:\/\/kfz-schork.de\/index.php\/wp-json\/wp\/v2\/pages"}],"about":[{"href":"https:\/\/kfz-schork.de\/index.php\/wp-json\/wp\/v2\/types\/page"}],"author":[{"embeddable":true,"href":"https:\/\/kfz-schork.de\/index.php\/wp-json\/wp\/v2\/users\/1"}],"replies":[{"embeddable":true,"href":"https:\/\/kfz-schork.de\/index.php\/wp-json\/wp\/v2\/comments?post=78"}],"version-history":[{"count":13,"href":"https:\/\/kfz-schork.de\/index.php\/wp-json\/wp\/v2\/pages\/78\/revisions"}],"predecessor-version":[{"id":190,"href":"https:\/\/kfz-schork.de\/index.php\/wp-json\/wp\/v2\/pages\/78\/revisions\/190"}],"wp:attachment":[{"href":"https:\/\/kfz-schork.de\/index.php\/wp-json\/wp\/v2\/media?parent=78"}],"curies":[{"name":"wp","href":"https:\/\/api.w.org\/{rel}","templated":true}]}}