{"id":122,"date":"2022-03-19T12:58:29","date_gmt":"2022-03-19T11:58:29","guid":{"rendered":"http:\/\/zidoxyu.cluster031.hosting.ovh.net\/index.php\/home-2\/"},"modified":"2022-03-19T12:58:29","modified_gmt":"2022-03-19T11:58:29","slug":"home-2","status":"publish","type":"page","link":"https:\/\/kfz-schork.de\/","title":{"rendered":"Home"},"content":{"rendered":"","protected":false},"excerpt":{"rendered":"","protected":false},"author":1,"featured_media":0,"parent":0,"menu_order":0,"comment_status":"closed","ping_status":"closed","template":"template-business.php","meta":{"advgb_blocks_editor_width":"","advgb_blocks_columns_visual_guide":""},"coauthors":[],"author_meta":{"author_link":"https:\/\/kfz-schork.de\/index.php\/author\/admin8107\/","display_name":"admin8107"},"relative_dates":{"created":"Posted 4\u00a0Jahren ago","modified":"Updated 4\u00a0Jahren ago"},"absolute_dates":{"created":"Posted on 19. M\u00e4rz 2022","modified":"Updated on 19. M\u00e4rz 2022"},"absolute_dates_time":{"created":"Posted on 19. M\u00e4rz 2022 12:58","modified":"Updated on 19. M\u00e4rz 2022 12:58"},"featured_img_caption":"","featured_img":false,"series_order":"","_links":{"self":[{"href":"https:\/\/kfz-schork.de\/index.php\/wp-json\/wp\/v2\/pages\/122"}],"collection":[{"href":"https:\/\/kfz-schork.de\/index.php\/wp-json\/wp\/v2\/pages"}],"about":[{"href":"https:\/\/kfz-schork.de\/index.php\/wp-json\/wp\/v2\/types\/page"}],"author":[{"embeddable":true,"href":"https:\/\/kfz-schork.de\/index.php\/wp-json\/wp\/v2\/users\/1"}],"replies":[{"embeddable":true,"href":"https:\/\/kfz-schork.de\/index.php\/wp-json\/wp\/v2\/comments?post=122"}],"version-history":[{"count":0,"href":"https:\/\/kfz-schork.de\/index.php\/wp-json\/wp\/v2\/pages\/122\/revisions"}],"wp:attachment":[{"href":"https:\/\/kfz-schork.de\/index.php\/wp-json\/wp\/v2\/media?parent=122"}],"curies":[{"name":"wp","href":"https:\/\/api.w.org\/{rel}","templated":true}]}}